{"id":152,"date":"2025-07-04T00:29:04","date_gmt":"2025-07-04T04:29:04","guid":{"rendered":"https:\/\/new.raqi.ca\/?page_id=152"},"modified":"2025-07-04T00:29:04","modified_gmt":"2025-07-04T04:29:04","slug":"par-ou-commencer","status":"publish","type":"page","link":"https:\/\/new.raqi.ca\/index.php\/par-ou-commencer\/","title":{"rendered":"Par o\u00f9 commencer?"},"content":{"rendered":"\n<p>Bienvenue!<\/p>\n\n\n\n<p>Devenir radioamateur n&rsquo;a jamais \u00e9t\u00e9 aussi facile!<\/p>\n\n\n\n<p>Voici votre invitation \u00e0 participer \u00e0 un hobby \u00ab\u00a0high-tech\u00a0\u00bb int\u00e9ressant pour tout le monde.<br>Les radioamateurs sont des personnes qui appartiennent \u00e0 toutes les couches de la soci\u00e9t\u00e9, peu importe l&rsquo;\u00e2ge, le sexe ou les capacit\u00e9s physiques. Les radioamateurs sont pr\u00e9sents aussi dans la communaut\u00e9 lors de certains \u00e9v\u00e8nements.<\/p>\n\n\n\n<p>On vous sugg\u00e8re de lire l&rsquo;information suivante pour comprendre la r\u00e9glementation et comment devenir radioamateur.<\/p>\n\n\n\n<p>voir\u00a0<a href=\"https:\/\/new.raqi.ca\/index.php\/liscence-et-certificat\/\">Licence et certificat<\/a><\/p>\n\n\n\n<p>Habituellement, des cours de radioamateur sont offerts par des volontaires dans diff\u00e9rentes r\u00e9gions soit par des clubs ou des individus qui vous enseigneront les bases avec plaisir. C&rsquo;est aussi un excellent endroit pour avoir ces premiers contacts. Ces cours sont facultatifs mais recommand\u00e9s.<\/p>\n","protected":false},"excerpt":{"rendered":"<p>Bienvenue! Devenir radioamateur n&rsquo;a jamais \u00e9t\u00e9 aussi facile! Voici votre invitation \u00e0 participer \u00e0 un hobby \u00ab\u00a0high-tech\u00a0\u00bb int\u00e9ressant pour tout le monde.Les radioamateurs sont des personnes qui appartiennent \u00e0 toutes les couches de la soci\u00e9t\u00e9, peu importe l&rsquo;\u00e2ge, le sexe ou les capacit\u00e9s physiques. Les radioamateurs sont pr\u00e9sents aussi dans la communaut\u00e9 lors de certains [&hellip;]<\/p>\n","protected":false},"author":1,"featured_media":0,"parent":0,"menu_order":0,"comment_status":"closed","ping_status":"closed","template":"","meta":{"footnotes":""},"class_list":["post-152","page","type-page","status-publish","hentry"],"_links":{"self":[{"href":"https:\/\/new.raqi.ca\/index.php\/wp-json\/wp\/v2\/pages\/152","targetHints":{"allow":["GET"]}}],"collection":[{"href":"https:\/\/new.raqi.ca\/index.php\/wp-json\/wp\/v2\/pages"}],"about":[{"href":"https:\/\/new.raqi.ca\/index.php\/wp-json\/wp\/v2\/types\/page"}],"author":[{"embeddable":true,"href":"https:\/\/new.raqi.ca\/index.php\/wp-json\/wp\/v2\/users\/1"}],"replies":[{"embeddable":true,"href":"https:\/\/new.raqi.ca\/index.php\/wp-json\/wp\/v2\/comments?post=152"}],"version-history":[{"count":2,"href":"https:\/\/new.raqi.ca\/index.php\/wp-json\/wp\/v2\/pages\/152\/revisions"}],"predecessor-version":[{"id":160,"href":"https:\/\/new.raqi.ca\/index.php\/wp-json\/wp\/v2\/pages\/152\/revisions\/160"}],"wp:attachment":[{"href":"https:\/\/new.raqi.ca\/index.php\/wp-json\/wp\/v2\/media?parent=152"}],"curies":[{"name":"wp","href":"https:\/\/api.w.org\/{rel}","templated":true}]}}